{"id":2002,"date":"2017-12-01T08:50:39","date_gmt":"2017-12-01T07:50:39","guid":{"rendered":"https:\/\/www.pastificiograziano.it\/?page_id=2002"},"modified":"2023-06-20T12:18:28","modified_gmt":"2023-06-20T10:18:28","slug":"home","status":"publish","type":"page","link":"https:\/\/www.pastificiograziano.it\/de\/","title":{"rendered":"Home"},"content":{"rendered":"<div class=\"wpb-content-wrapper\">[mk_page_section vertical_align=&#8220;center&#8220; bg_image=&#8220;https:\/\/www.pastificiograziano.it\/wp-content\/uploads\/2023\/06\/banner-2023-linea-graziano.jpg&#8220; bg_image_portrait=&#8220;https:\/\/www.pastificiograziano.it\/wp-content\/uploads\/2023\/06\/banner-2023-verticale.jpg&#8220; bg_position=&#8220;center center&#8220; bg_repeat=&#8220;no-repeat&#8220; bg_stretch=&#8220;true&#8220; min_height=&#8220;400&#8243; full_width=&#8220;true&#8220; full_height=&#8220;true&#8220; sidebar=&#8220;sidebar-1&#8243;][vc_column width=&#8220;4\/12&#8243;][mk_fancy_title tag_name=&#8220;span&#8220; color=&#8220;#404040&#8243; size=&#8220;18&#8243; font_weight=&#8220;400&#8243; txt_transform=&#8220;none&#8220; margin_bottom=&#8220;0&#8243; font_family=&#8220;none&#8220; visibility=&#8220;hidden-sm&#8220;][\/mk_fancy_title][vc_column_text el_class=&#8220;home-track&#8220; css=&#8220;.vc_custom_1539965101101{margin-bottom: 0px !important;}&#8220;]\n<p class=\"qr-text\" style=\"color: #fff;\"><img loading=\"lazy\" decoding=\"async\" src=\"https:\/\/www.pastificiograziano.it\/wp-content\/uploads\/2018\/09\/scopri-de.png\" alt=\"scopri\" width=\"150\" height=\"80\" \/><\/p>\n<p><a href=\"https:\/\/www.pastificiograziano.it\/tracciabilita\/\"><img loading=\"lazy\" decoding=\"async\" class=\"size-full wp-image-1390 alignleft\" style=\"margin-left: 30px;\" src=\"https:\/\/www.pastificiograziano.it\/wp-content\/uploads\/2018\/07\/qr-code.jpg\" alt=\"qr code\" width=\"90\" height=\"90\" srcset=\"https:\/\/www.pastificiograziano.it\/wp-content\/uploads\/2018\/07\/qr-code.jpg 90w, https:\/\/www.pastificiograziano.it\/wp-content\/uploads\/2018\/07\/qr-code-150x150.jpg 150w, https:\/\/www.pastificiograziano.it\/wp-content\/uploads\/2018\/07\/qr-code-300x300.jpg 300w, https:\/\/www.pastificiograziano.it\/wp-content\/uploads\/2018\/07\/qr-code-768x768.jpg 768w, https:\/\/www.pastificiograziano.it\/wp-content\/uploads\/2018\/07\/qr-code-1024x1024.jpg 1024w, https:\/\/www.pastificiograziano.it\/wp-content\/uploads\/2018\/07\/qr-code-450x450.jpg 450w, https:\/\/www.pastificiograziano.it\/wp-content\/uploads\/2018\/07\/qr-code-650x650.jpg 650w, https:\/\/www.pastificiograziano.it\/wp-content\/uploads\/2018\/07\/qr-code-100x100.jpg 100w, https:\/\/www.pastificiograziano.it\/wp-content\/uploads\/2018\/07\/qr-code-60x60.jpg 60w\" sizes=\"auto, (max-width: 90px) 100vw, 90px\" \/><\/a>[\/vc_column_text][\/vc_column][vc_column width=&#8220;4\/12&#8243;][\/vc_column][\/mk_page_section][vc_row fullwidth=&#8220;true&#8220; fullwidth_content=&#8220;false&#8220;][vc_column][mk_padding_divider size=&#8220;60&#8243;][mk_padding_divider size=&#8220;60&#8243; visibility=&#8220;hidden-sm&#8220;][\/vc_column][\/vc_row][vc_row fullwidth=&#8220;true&#8220;][vc_column visibility=&#8220;visible-dt-v2&#8243; width=&#8220;1\/6&#8243;][\/vc_column][vc_column offset=&#8220;vc_col-lg-5&#8243; css=&#8220;.vc_custom_1687255286216{padding-right: 20px !important;padding-left: 20px !important;}&#8220;][mk_fancy_title size=&#8220;55&#8243; force_font_size=&#8220;true&#8220; size_tablet=&#8220;50&#8243; font_weight=&#8220;300&#8243; txt_transform=&#8220;none&#8220; font_family=&#8220;none&#8220;]GRAZIANO<br \/>\nDas Gute an Pasta[\/mk_fancy_title][mk_fancy_title tag_name=&#8220;span&#8220; size=&#8220;20&#8243; line_height=&#8220;180&#8243; font_weight=&#8220;500&#8243; txt_transform=&#8220;none&#8220; margin_bottom=&#8220;0&#8243; font_family=&#8220;none&#8220; responsive_align=&#8220;left&#8220; el_class=&#8220;t-align-left max-width-600&#8243;]<span id=\"fancy-title-6\" class=\"mk-fancy-title simple-style color-single\">In unserer Pasta finden Sie alle Aromen, Aromen und Traditionen von Irpinia. Wir verarbeiten Pasta mit der gleichen Leidenschaft unserer Gro\u00dfm\u00fctter: Wir w\u00e4hlen den besten Hartweizengrie\u00df aus und vermischen ihn langsam, nur mit Wasser aus den Quellen der Irpinia-Berge.<br \/>\n<\/span>[\/mk_fancy_title][\/vc_column][vc_column offset=&#8220;vc_col-lg-5&#8243;][vc_video title=&#8220;Pastificio Graziano &#8211; Video&#8220; max_width=&#8220;1280&#8243; host=&#8220;self_hosted&#8220; mp4=&#8220;\/wp-content\/uploads\/video\/Video-Marzo-2019-Graziano2.mp4&#8243; webm=&#8220;\/wp-content\/uploads\/video\/Video-Marzo-2019-Graziano2.webm&#8220; poster_image=&#8220;https:\/\/www.pastificiograziano.it\/wp-content\/uploads\/2019\/04\/video-anteprima-home.jpg&#8220; aspect_ratio=&#8220;true&#8220;][\/vc_column][\/vc_row][vc_row fullwidth=&#8220;true&#8220; fullwidth_content=&#8220;false&#8220; css=&#8220;.vc_custom_1537956855603{background-image: url(https:\/\/www.pastificiograziano.it\/wp-content\/uploads\/2018\/09\/tubettoni.png?id=1507) !important;background-position: 0 0 !important;background-repeat: no-repeat !important;}&#8220;][vc_column width=&#8220;1\/12&#8243; offset=&#8220;vc_hidden-lg vc_hidden-md vc_hidden-sm vc_hidden-xs&#8220;][vc_empty_space height=&#8220;132px&#8220;][vc_empty_space height=&#8220;100px&#8220;][vc_single_image image=&#8220;3252&#8243; img_size=&#8220;full&#8220; alignment=&#8220;center&#8220; onclick=&#8220;custom_link&#8220; link=&#8220;https:\/\/www.tuttofood.it\/&#8220;][\/vc_column][vc_column width=&#8220;4\/5&#8243;][vc_empty_space height=&#8220;100px&#8220;][vc_column_text css=&#8220;.vc_custom_1537957713539{margin-top: 25px !important;}&#8220;]\n<h3 style=\"text-align: right;\">BLOG<br \/>\n<\/h3>\n[\/vc_column_text][vc_empty_space][mk_blog_carousel count=&#8220;3&#8243;][\/vc_column][\/vc_row]\n<\/div>","protected":false},"excerpt":{"rendered":"<p>[mk_page_section vertical_align=&#8220;center&#8220; bg_image=&#8220;https:\/\/www.pastificiograziano.it\/wp-content\/uploads\/2023\/06\/banner-2023-linea-graziano.jpg&#8220; bg_image_portrait=&#8220;https:\/\/www.pastificiograziano.it\/wp-content\/uploads\/2023\/06\/banner-2023-verticale.jpg&#8220; bg_position=&#8220;center center&#8220; bg_repeat=&#8220;no-repeat&#8220; bg_stretch=&#8220;true&#8220; min_height=&#8220;400&#8243; full_width=&#8220;true&#8220; full_height=&#8220;true&#8220; sidebar=&#8220;sidebar-1&#8243;][vc_column width=&#8220;4\/12&#8243;][mk_fancy_title tag_name=&#8220;span&#8220; color=&#8220;#404040&#8243; size=&#8220;18&#8243; font_weight=&#8220;400&#8243; txt_transform=&#8220;none&#8220; margin_bottom=&#8220;0&#8243; font_family=&#8220;none&#8220; visibility=&#8220;hidden-sm&#8220;][\/mk_fancy_title][vc_column_text el_class=&#8220;home-track&#8220; css=&#8220;.vc_custom_1539965101101{margin-bottom: 0px !important;}&#8220;] [\/vc_column_text][\/vc_column][vc_column width=&#8220;4\/12&#8243;][\/vc_column][\/mk_page_section][vc_row fullwidth=&#8220;true&#8220; fullwidth_content=&#8220;false&#8220;][vc_column][mk_padding_divider size=&#8220;60&#8243;][mk_padding_divider size=&#8220;60&#8243; visibility=&#8220;hidden-sm&#8220;][\/vc_column][\/vc_row][vc_row fullwidth=&#8220;true&#8220;][vc_column visibility=&#8220;visible-dt-v2&#8243; width=&#8220;1\/6&#8243;][\/vc_column][vc_column offset=&#8220;vc_col-lg-5&#8243; css=&#8220;.vc_custom_1687255286216{padding-right: 20px !important;padding-left: 20px !important;}&#8220;][mk_fancy_title size=&#8220;55&#8243; force_font_size=&#8220;true&#8220; size_tablet=&#8220;50&#8243; font_weight=&#8220;300&#8243; txt_transform=&#8220;none&#8220; font_family=&#8220;none&#8220;]GRAZIANO Das Gute an Pasta[\/mk_fancy_title][mk_fancy_title tag_name=&#8220;span&#8220; size=&#8220;20&#8243; line_height=&#8220;180&#8243; font_weight=&#8220;500&#8243; [&hellip;]<\/p>\n","protected":false},"author":1,"featured_media":0,"parent":0,"menu_order":0,"comment_status":"closed","ping_status":"closed","template":"","meta":{"footnotes":""},"class_list":["post-2002","page","type-page","status-publish","hentry"],"_links":{"self":[{"href":"https:\/\/www.pastificiograziano.it\/de\/wp-json\/wp\/v2\/pages\/2002","targetHints":{"allow":["GET"]}}],"collection":[{"href":"https:\/\/www.pastificiograziano.it\/de\/wp-json\/wp\/v2\/pages"}],"about":[{"href":"https:\/\/www.pastificiograziano.it\/de\/wp-json\/wp\/v2\/types\/page"}],"author":[{"embeddable":true,"href":"https:\/\/www.pastificiograziano.it\/de\/wp-json\/wp\/v2\/users\/1"}],"replies":[{"embeddable":true,"href":"https:\/\/www.pastificiograziano.it\/de\/wp-json\/wp\/v2\/comments?post=2002"}],"version-history":[{"count":0,"href":"https:\/\/www.pastificiograziano.it\/de\/wp-json\/wp\/v2\/pages\/2002\/revisions"}],"wp:attachment":[{"href":"https:\/\/www.pastificiograziano.it\/de\/wp-json\/wp\/v2\/media?parent=2002"}],"curies":[{"name":"wp","href":"https:\/\/api.w.org\/{rel}","templated":true}]}}